{"id":321,"date":"2026-02-25T08:47:44","date_gmt":"2026-02-25T08:47:44","guid":{"rendered":"https:\/\/24-foxx.com\/cookie-richtlinie\/"},"modified":"2026-02-27T10:08:21","modified_gmt":"2026-02-27T10:08:21","slug":"cookie-richtlinie","status":"publish","type":"page","link":"https:\/\/24-foxx.com\/de\/cookie-richtlinie\/","title":{"rendered":"Cookie-Richtlinie"},"content":{"rendered":"\t\t<div data-elementor-type=\"wp-page\" data-elementor-id=\"321\" class=\"elementor elementor-321 elementor-249\">\n\t\t\t\t<div class=\"elementor-element elementor-element-51e65808 e-flex e-con-boxed e-con e-parent\" data-id=\"51e65808\" data-element_type=\"container\" data-e-type=\"container\" data-settings=\"{&quot;jet_parallax_layout_list&quot;:[]}\">\n\t\t\t\t\t<div class=\"e-con-inner\">\n\t\t\t\t<div class=\"elementor-element elementor-element-dfd45dc elementor-widget elementor-widget-heading\" data-id=\"dfd45dc\" data-element_type=\"widget\" data-e-type=\"widget\" data-widget_type=\"heading.default\">\n\t\t\t\t<div class=\"elementor-widget-container\">\n\t\t\t\t\t<h1 class=\"elementor-heading-title elementor-size-default\">Cookie-Richtlinie\n<\/h1>\t\t\t\t<\/div>\n\t\t\t\t<\/div>\n\t\t\t\t<div class=\"elementor-element elementor-element-27ce0002 elementor-widget elementor-widget-text-editor\" data-id=\"27ce0002\" data-element_type=\"widget\" data-e-type=\"widget\" data-widget_type=\"text-editor.default\">\n\t\t\t\t<div class=\"elementor-widget-container\">\n\t\t\t\t\t\t\t\t\t\n<p><strong>G\u00fcltig ab: 02.2026<\/strong><\/p>\n\n\n\n<p><strong>1. Einleitung<\/strong><\/p>\n\n\n\n<p>Diese Cookie-Richtlinie erl\u00e4utert, wie <strong>FOX 24 <\/strong><strong>s.r.o.<\/strong> Cookies und \u00e4hnliche Technologien auf <strong>24-foxx.com<\/strong> einsetzt.<\/p>\n\n\n\n<p><strong>2. Was sind Cookies?<\/strong><\/p>\n\n\n\n<p>Cookies sind kleine Textdateien, die beim Besuch einer Website auf Ihrem Ger\u00e4t gespeichert werden. Sie erm\u00f6glichen eine ordnungsgem\u00e4\u00dfe Website-Funktionalit\u00e4t und Analysen. <\/p>\n\n\n\n<p><strong>3. Arten von Cookies, die wir verwenden<\/strong><\/p>\n\n\n\n<p><strong>Notwendige Cookies<\/strong><\/p>\n\n\n\n<p>Erforderlich f\u00fcr die grundlegende Funktionalit\u00e4t der Website.<\/p>\n\n\n\n<p><strong>Leistungs- &amp; Analyse-Cookies<\/strong><\/p>\n\n\n\n<p>Helfen uns dabei, die Nutzung der Website zu verstehen und die Leistung zu verbessern.<\/p>\n\n\n\n<p><strong>Funktionale Cookies<\/strong><\/p>\n\n\n\n<p>Speichern Benutzereinstellungen und Pr\u00e4ferenzen.<\/p>\n\n\n\n<p><strong>Marketing-Cookies<\/strong><\/p>\n\n\n\n<p>Werden f\u00fcr Werbung und Tracking verwendet, sofern zutreffend.<\/p>\n\n\n\n<p><strong>4. Drittanbieter-Cookies<\/strong><\/p>\n\n\n\n<p>Einige Cookies k\u00f6nnen von Drittanbietern wie Analyse- oder Werbeplattformen platziert werden.<\/p>\n\n\n\n<p><strong>5. Cookie-Einwilligung<\/strong><\/p>\n\n\n\n<p>Sofern gesetzlich vorgeschrieben, bitten wir vor dem Setzen nicht notwendiger Cookies um Ihre Einwilligung. Sie k\u00f6nnen Ihre Einwilligung jederzeit widerrufen. <\/p>\n\n\n\n<p><strong>6. Verwalten von Cookies<\/strong><\/p>\n\n\n\n<p>Sie k\u00f6nnen Cookies \u00fcber Ihre Browsereinstellungen steuern oder l\u00f6schen. Das Deaktivieren bestimmter Cookies kann die Funktionalit\u00e4t der Website beeintr\u00e4chtigen. <\/p>\n\n\n\n<p><strong>7. Kontakt<\/strong><\/p>\n\n\n\n<p>Bei Fragen zu dieser Cookie-Richtlinie:<\/p>\n\n\n\n<p>FOX 24 s.r.o.<br>Moskevsk\u00e1 1464\/61<br>101 00 Prag \u2013 Vr\u0161ovice<br>Tschechische Republik<br>E-Mail: <strong>info@24-foxx.com<\/strong><\/p>\n\t\t\t\t\t\t\t\t<\/div>\n\t\t\t\t<\/div>\n\t\t\t\t\t<\/div>\n\t\t\t\t<\/div>\n\t\t\t\t<\/div>\n\t\t","protected":false},"excerpt":{"rendered":"<p>Cookie-Richtlinie G\u00fcltig ab: 02.2026 1. Einleitung Diese Cookie-Richtlinie erl\u00e4utert, wie FOX 24 s.r.o. Cookies und \u00e4hnliche Technologien auf 24-foxx.com einsetzt. 2. Was sind Cookies? Cookies sind kleine Textdateien, die beim Besuch einer Website auf Ihrem Ger\u00e4t gespeichert werden. Sie erm\u00f6glichen eine ordnungsgem\u00e4\u00dfe Website-Funktionalit\u00e4t und Analysen. 3. Arten von Cookies, die wir verwenden Notwendige Cookies Erforderlich [&hellip;]<\/p>\n","protected":false},"author":1,"featured_media":0,"parent":0,"menu_order":0,"comment_status":"closed","ping_status":"closed","template":"","meta":{"footnotes":""},"class_list":["post-321","page","type-page","status-publish","hentry"],"_links":{"self":[{"href":"https:\/\/24-foxx.com\/de\/wp-json\/wp\/v2\/pages\/321","targetHints":{"allow":["GET"]}}],"collection":[{"href":"https:\/\/24-foxx.com\/de\/wp-json\/wp\/v2\/pages"}],"about":[{"href":"https:\/\/24-foxx.com\/de\/wp-json\/wp\/v2\/types\/page"}],"author":[{"embeddable":true,"href":"https:\/\/24-foxx.com\/de\/wp-json\/wp\/v2\/users\/1"}],"replies":[{"embeddable":true,"href":"https:\/\/24-foxx.com\/de\/wp-json\/wp\/v2\/comments?post=321"}],"version-history":[{"count":3,"href":"https:\/\/24-foxx.com\/de\/wp-json\/wp\/v2\/pages\/321\/revisions"}],"predecessor-version":[{"id":324,"href":"https:\/\/24-foxx.com\/de\/wp-json\/wp\/v2\/pages\/321\/revisions\/324"}],"wp:attachment":[{"href":"https:\/\/24-foxx.com\/de\/wp-json\/wp\/v2\/media?parent=321"}],"curies":[{"name":"wp","href":"https:\/\/api.w.org\/{rel}","templated":true}]}}